{"id":29562,"date":"2021-03-09T13:57:51","date_gmt":"2021-03-09T12:57:51","guid":{"rendered":"https:\/\/www.swissvisualdata.ch\/?page_id=29562"},"modified":"2021-10-25T10:54:39","modified_gmt":"2021-10-25T08:54:39","slug":"touls","status":"publish","type":"page","link":"https:\/\/www.swissvisualdata.ch\/fr\/touls\/","title":{"rendered":"Outils"},"content":{"rendered":"<div data-elementor-type=\"wp-page\" data-elementor-id=\"29562\" class=\"elementor elementor-29562\" data-elementor-post-type=\"page\">\n\t\t\t\t\t\t<section class=\"elementor-section elementor-top-section elementor-element elementor-element-ede6f42 elementor-section-full_width elementor-section-content-middle elementor-section-height-default elementor-section-height-default\" data-id=\"ede6f42\" data-element_type=\"section\" data-settings=\"{&quot;background_background&quot;:&quot;classic&quot;}\">\n\t\t\t\t\t\t\t<div class=\"elementor-background-overlay\"><\/div>\n\t\t\t\t\t\t\t<div class=\"elementor-container elementor-column-gap-no\">\n\t\t\t\t\t<div class=\"elementor-column elementor-col-100 elementor-top-column elementor-element elementor-element-bc6a053\" data-id=\"bc6a053\" data-element_type=\"column\">\n\t\t\t<div class=\"elementor-widget-wrap elementor-element-populated\">\n\t\t\t\t\t\t<div class=\"elementor-element elementor-element-de87c28 elementor-widget elementor-widget-spacer\" data-id=\"de87c28\" data-element_type=\"widget\" data-widget_type=\"spacer.default\">\n\t\t\t\t<div class=\"elementor-widget-container\">\n\t\t\t\t\t\t\t<div class=\"elementor-spacer\">\n\t\t\t<div class=\"elementor-spacer-inner\"><\/div>\n\t\t<\/div>\n\t\t\t\t\t\t<\/div>\n\t\t\t\t<\/div>\n\t\t\t\t<div class=\"elementor-element elementor-element-32a6ad1b elementor-widget elementor-widget-heading\" data-id=\"32a6ad1b\" data-element_type=\"widget\" data-widget_type=\"heading.default\">\n\t\t\t\t<div class=\"elementor-widget-container\">\n\t\t\t\t\t<h1 class=\"elementor-heading-title elementor-size-default\">Outils<\/h1>\t\t\t\t<\/div>\n\t\t\t\t<\/div>\n\t\t\t\t<div class=\"elementor-element elementor-element-a915f89 elementor-widget elementor-widget-spacer\" data-id=\"a915f89\" data-element_type=\"widget\" data-widget_type=\"spacer.default\">\n\t\t\t\t<div class=\"elementor-widget-container\">\n\t\t\t\t\t\t\t<div class=\"elementor-spacer\">\n\t\t\t<div class=\"elementor-spacer-inner\"><\/div>\n\t\t<\/div>\n\t\t\t\t\t\t<\/div>\n\t\t\t\t<\/div>\n\t\t\t\t\t<\/div>\n\t\t<\/div>\n\t\t\t\t\t<\/div>\n\t\t<\/section>\n\t\t\t\t<section class=\"elementor-section elementor-top-section elementor-element elementor-element-1f7f2af elementor-section-boxed elementor-section-height-default elementor-section-height-default\" data-id=\"1f7f2af\" data-element_type=\"section\">\n\t\t\t\t\t\t<div class=\"elementor-container elementor-column-gap-default\">\n\t\t\t\t\t<div class=\"elementor-column elementor-col-100 elementor-top-column elementor-element elementor-element-ef3c453\" data-id=\"ef3c453\" data-element_type=\"column\">\n\t\t\t<div class=\"elementor-widget-wrap elementor-element-populated\">\n\t\t\t\t\t\t<div class=\"elementor-element elementor-element-1e68367 elementor-widget elementor-widget-spacer\" data-id=\"1e68367\" data-element_type=\"widget\" data-widget_type=\"spacer.default\">\n\t\t\t\t<div class=\"elementor-widget-container\">\n\t\t\t\t\t\t\t<div class=\"elementor-spacer\">\n\t\t\t<div class=\"elementor-spacer-inner\"><\/div>\n\t\t<\/div>\n\t\t\t\t\t\t<\/div>\n\t\t\t\t<\/div>\n\t\t\t\t<section class=\"elementor-section elementor-inner-section elementor-element elementor-element-7ae6571 elementor-section-boxed elementor-section-height-default elementor-section-height-default\" data-id=\"7ae6571\" data-element_type=\"section\">\n\t\t\t\t\t\t<div class=\"elementor-container elementor-column-gap-default\">\n\t\t\t\t\t<div class=\"elementor-column elementor-col-50 elementor-inner-column elementor-element elementor-element-b596ca4\" data-id=\"b596ca4\" data-element_type=\"column\">\n\t\t\t<div class=\"elementor-widget-wrap elementor-element-populated\">\n\t\t\t\t\t\t<div class=\"elementor-element elementor-element-aacacab elementor-widget elementor-widget-text-editor\" data-id=\"aacacab\" data-element_type=\"widget\" data-widget_type=\"text-editor.default\">\n\t\t\t\t<div class=\"elementor-widget-container\">\n\t\t\t\t\t\t\t\t\t<p><strong>Power BI<\/strong><\/p>\t\t\t\t\t\t\t\t<\/div>\n\t\t\t\t<\/div>\n\t\t\t\t<div class=\"elementor-element elementor-element-075cf11 elementor-widget elementor-widget-text-editor\" data-id=\"075cf11\" data-element_type=\"widget\" data-widget_type=\"text-editor.default\">\n\t\t\t\t<div class=\"elementor-widget-container\">\n\t\t\t\t\t\t\t\t\t<p class=\"translation-block\"><strong>Avec Power BI<\/strong>, nous vous aidons \u00e0 visualiser et \u00e0 partager vos donn\u00e9es. Power BI est l'un des meilleurs logiciels de visualisation de donn\u00e9es, permettant une connexion rapide \u00e0 d'innombrables sources et formats de donn\u00e9es. Power BI est la solution id\u00e9ale pour tirer le meilleur parti de vos donn\u00e9es.<\/p>\t\t\t\t\t\t\t\t<\/div>\n\t\t\t\t<\/div>\n\t\t\t\t<div class=\"elementor-element elementor-element-9a65912 elementor-widget elementor-widget-button\" data-id=\"9a65912\" data-element_type=\"widget\" data-widget_type=\"button.default\">\n\t\t\t\t<div class=\"elementor-widget-container\">\n\t\t\t\t\t\t\t\t\t<div class=\"elementor-button-wrapper\">\n\t\t\t\t\t<a class=\"elementor-button elementor-button-link elementor-size-sm\" href=\"https:\/\/www.swissvisualdata.ch\/fr\/power_bi\/\">\n\t\t\t\t\t\t<span class=\"elementor-button-content-wrapper\">\n\t\t\t\t\t\t\t\t\t<span class=\"elementor-button-text\">Cliquez ici<\/span>\n\t\t\t\t\t<\/span>\n\t\t\t\t\t<\/a>\n\t\t\t\t<\/div>\n\t\t\t\t\t\t\t\t<\/div>\n\t\t\t\t<\/div>\n\t\t\t\t\t<\/div>\n\t\t<\/div>\n\t\t\t\t<div class=\"elementor-column elementor-col-50 elementor-inner-column elementor-element elementor-element-3ab8c1e\" data-id=\"3ab8c1e\" data-element_type=\"column\">\n\t\t\t<div class=\"elementor-widget-wrap elementor-element-populated\">\n\t\t\t\t\t\t<div class=\"elementor-element elementor-element-8f00b5c elementor-widget elementor-widget-image\" data-id=\"8f00b5c\" data-element_type=\"widget\" data-widget_type=\"image.default\">\n\t\t\t\t<div class=\"elementor-widget-container\">\n\t\t\t\t\t\t\t\t\t\t\t\t\t\t\t<img fetchpriority=\"high\" decoding=\"async\" width=\"1024\" height=\"520\" src=\"https:\/\/www.swissvisualdata.ch\/wp-content\/uploads\/2021\/02\/Power-BI-1024x520.jpg\" class=\"attachment-large size-large wp-image-29062\" alt=\"\" srcset=\"https:\/\/www.swissvisualdata.ch\/wp-content\/uploads\/2021\/02\/Power-BI-1024x520.jpg 1024w, https:\/\/www.swissvisualdata.ch\/wp-content\/uploads\/2021\/02\/Power-BI-300x152.jpg 300w, https:\/\/www.swissvisualdata.ch\/wp-content\/uploads\/2021\/02\/Power-BI-768x390.jpg 768w, https:\/\/www.swissvisualdata.ch\/wp-content\/uploads\/2021\/02\/Power-BI-1536x781.jpg 1536w, https:\/\/www.swissvisualdata.ch\/wp-content\/uploads\/2021\/02\/Power-BI.jpg 1832w\" sizes=\"(max-width: 1024px) 100vw, 1024px\" \/>\t\t\t\t\t\t\t\t\t\t\t\t\t\t\t<\/div>\n\t\t\t\t<\/div>\n\t\t\t\t\t<\/div>\n\t\t<\/div>\n\t\t\t\t\t<\/div>\n\t\t<\/section>\n\t\t\t\t\t<\/div>\n\t\t<\/div>\n\t\t\t\t\t<\/div>\n\t\t<\/section>\n\t\t\t\t<section class=\"elementor-section elementor-top-section elementor-element elementor-element-855d186 elementor-section-boxed elementor-section-height-default elementor-section-height-default\" data-id=\"855d186\" data-element_type=\"section\">\n\t\t\t\t\t\t<div class=\"elementor-container elementor-column-gap-default\">\n\t\t\t\t\t<div class=\"elementor-column elementor-col-100 elementor-top-column elementor-element elementor-element-522d03b\" data-id=\"522d03b\" data-element_type=\"column\">\n\t\t\t<div class=\"elementor-widget-wrap elementor-element-populated\">\n\t\t\t\t\t\t<div class=\"elementor-element elementor-element-a6f81d4 elementor-widget elementor-widget-spacer\" data-id=\"a6f81d4\" data-element_type=\"widget\" data-widget_type=\"spacer.default\">\n\t\t\t\t<div class=\"elementor-widget-container\">\n\t\t\t\t\t\t\t<div class=\"elementor-spacer\">\n\t\t\t<div class=\"elementor-spacer-inner\"><\/div>\n\t\t<\/div>\n\t\t\t\t\t\t<\/div>\n\t\t\t\t<\/div>\n\t\t\t\t<section class=\"elementor-section elementor-inner-section elementor-element elementor-element-e71bec6 elementor-section-boxed elementor-section-height-default elementor-section-height-default\" data-id=\"e71bec6\" data-element_type=\"section\">\n\t\t\t\t\t\t<div class=\"elementor-container elementor-column-gap-default\">\n\t\t\t\t\t<div class=\"elementor-column elementor-col-50 elementor-inner-column elementor-element elementor-element-8f999e7\" data-id=\"8f999e7\" data-element_type=\"column\">\n\t\t\t<div class=\"elementor-widget-wrap elementor-element-populated\">\n\t\t\t\t\t\t<div class=\"elementor-element elementor-element-a31c8df elementor-widget elementor-widget-image\" data-id=\"a31c8df\" data-element_type=\"widget\" data-widget_type=\"image.default\">\n\t\t\t\t<div class=\"elementor-widget-container\">\n\t\t\t\t\t\t\t\t\t\t\t\t\t\t\t<img decoding=\"async\" width=\"900\" height=\"600\" src=\"https:\/\/www.swissvisualdata.ch\/wp-content\/uploads\/2021\/03\/Tableau.gif\" class=\"attachment-large size-large wp-image-29702\" alt=\"\" \/>\t\t\t\t\t\t\t\t\t\t\t\t\t\t\t<\/div>\n\t\t\t\t<\/div>\n\t\t\t\t\t<\/div>\n\t\t<\/div>\n\t\t\t\t<div class=\"elementor-column elementor-col-50 elementor-inner-column elementor-element elementor-element-d66d1f7\" data-id=\"d66d1f7\" data-element_type=\"column\">\n\t\t\t<div class=\"elementor-widget-wrap elementor-element-populated\">\n\t\t\t\t\t\t<div class=\"elementor-element elementor-element-237ff41 elementor-widget elementor-widget-text-editor\" data-id=\"237ff41\" data-element_type=\"widget\" data-widget_type=\"text-editor.default\">\n\t\t\t\t<div class=\"elementor-widget-container\">\n\t\t\t\t\t\t\t\t\t<p><strong>Tableau<\/strong><\/p>\t\t\t\t\t\t\t\t<\/div>\n\t\t\t\t<\/div>\n\t\t\t\t<div class=\"elementor-element elementor-element-4e8b4e6 elementor-widget elementor-widget-text-editor\" data-id=\"4e8b4e6\" data-element_type=\"widget\" data-widget_type=\"text-editor.default\">\n\t\t\t\t<div class=\"elementor-widget-container\">\n\t\t\t\t\t\t\t\t\t<p class=\"translation-block\"><strong>Tableau <\/strong>est l'un des outils de Business Intelligence (BI) et de visualisation de donn\u00e9es qui \u00e9volue le plus rapidement. La plateforme d'analyse de Tableau aide tirer la meilleure valeur de vos donn\u00e9es, ce qui vous permet de r\u00e9pondre rapidement \u00e0 des questions pr\u00e9cises gr\u00e2ce \u00e0 sa plateforme de visualisation interactive.<\/p>\t\t\t\t\t\t\t\t<\/div>\n\t\t\t\t<\/div>\n\t\t\t\t<div class=\"elementor-element elementor-element-d44b8ad elementor-align-right elementor-widget elementor-widget-button\" data-id=\"d44b8ad\" data-element_type=\"widget\" data-widget_type=\"button.default\">\n\t\t\t\t<div class=\"elementor-widget-container\">\n\t\t\t\t\t\t\t\t\t<div class=\"elementor-button-wrapper\">\n\t\t\t\t\t<a class=\"elementor-button elementor-button-link elementor-size-sm\" href=\"https:\/\/www.swissvisualdata.ch\/fr\/tableau\/\">\n\t\t\t\t\t\t<span class=\"elementor-button-content-wrapper\">\n\t\t\t\t\t\t\t\t\t<span class=\"elementor-button-text\">Cliquez ici<\/span>\n\t\t\t\t\t<\/span>\n\t\t\t\t\t<\/a>\n\t\t\t\t<\/div>\n\t\t\t\t\t\t\t\t<\/div>\n\t\t\t\t<\/div>\n\t\t\t\t\t<\/div>\n\t\t<\/div>\n\t\t\t\t\t<\/div>\n\t\t<\/section>\n\t\t\t\t\t<\/div>\n\t\t<\/div>\n\t\t\t\t\t<\/div>\n\t\t<\/section>\n\t\t\t\t<section class=\"elementor-section elementor-top-section elementor-element elementor-element-500ca86 elementor-section-boxed elementor-section-height-default elementor-section-height-default\" data-id=\"500ca86\" data-element_type=\"section\">\n\t\t\t\t\t\t<div class=\"elementor-container elementor-column-gap-default\">\n\t\t\t\t\t<div class=\"elementor-column elementor-col-100 elementor-top-column elementor-element elementor-element-ce2481a\" data-id=\"ce2481a\" data-element_type=\"column\">\n\t\t\t<div class=\"elementor-widget-wrap elementor-element-populated\">\n\t\t\t\t\t\t<div class=\"elementor-element elementor-element-9376019 elementor-widget elementor-widget-spacer\" data-id=\"9376019\" data-element_type=\"widget\" data-widget_type=\"spacer.default\">\n\t\t\t\t<div class=\"elementor-widget-container\">\n\t\t\t\t\t\t\t<div class=\"elementor-spacer\">\n\t\t\t<div class=\"elementor-spacer-inner\"><\/div>\n\t\t<\/div>\n\t\t\t\t\t\t<\/div>\n\t\t\t\t<\/div>\n\t\t\t\t<section class=\"elementor-section elementor-inner-section elementor-element elementor-element-4b7221a elementor-section-boxed elementor-section-height-default elementor-section-height-default\" data-id=\"4b7221a\" data-element_type=\"section\">\n\t\t\t\t\t\t<div class=\"elementor-container elementor-column-gap-default\">\n\t\t\t\t\t<div class=\"elementor-column elementor-col-50 elementor-inner-column elementor-element elementor-element-547365a\" data-id=\"547365a\" data-element_type=\"column\">\n\t\t\t<div class=\"elementor-widget-wrap elementor-element-populated\">\n\t\t\t\t\t\t<div class=\"elementor-element elementor-element-f87ca7a elementor-widget elementor-widget-text-editor\" data-id=\"f87ca7a\" data-element_type=\"widget\" data-widget_type=\"text-editor.default\">\n\t\t\t\t<div class=\"elementor-widget-container\">\n\t\t\t\t\t\t\t\t\t<p><strong>Excel<\/strong><\/p>\t\t\t\t\t\t\t\t<\/div>\n\t\t\t\t<\/div>\n\t\t\t\t<div class=\"elementor-element elementor-element-480197c elementor-widget elementor-widget-text-editor\" data-id=\"480197c\" data-element_type=\"widget\" data-widget_type=\"text-editor.default\">\n\t\t\t\t<div class=\"elementor-widget-container\">\n\t\t\t\t\t\t\t\t\t<p>Avec plus de 50 millions d'utilisateurs dans le monde, <strong>Excel<\/strong> est probablement le logiciel le plus important sur le lieu de travail. Pratiquement tous les secteurs d'activit\u00e9, o\u00f9 qu'ils soient, peuvent b\u00e9n\u00e9ficier de ceux qui savent exploiter les fonctions Excel les plus avanc\u00e9es. Excel est un outil puissant qui s'est ancr\u00e9 dans les processus commerciaux du monde entier, que ce soit pour analyser des actions ou des \u00e9metteurs, pr\u00e9parer des budgets ou organiser des listes de vente de clients.<\/p>\t\t\t\t\t\t\t\t<\/div>\n\t\t\t\t<\/div>\n\t\t\t\t<div class=\"elementor-element elementor-element-766a1a3 elementor-widget elementor-widget-button\" data-id=\"766a1a3\" data-element_type=\"widget\" data-widget_type=\"button.default\">\n\t\t\t\t<div class=\"elementor-widget-container\">\n\t\t\t\t\t\t\t\t\t<div class=\"elementor-button-wrapper\">\n\t\t\t\t\t<a class=\"elementor-button elementor-button-link elementor-size-sm\" href=\"https:\/\/www.swissvisualdata.ch\/fr\/Excel\/\">\n\t\t\t\t\t\t<span class=\"elementor-button-content-wrapper\">\n\t\t\t\t\t\t\t\t\t<span class=\"elementor-button-text\">Cliquez ici<\/span>\n\t\t\t\t\t<\/span>\n\t\t\t\t\t<\/a>\n\t\t\t\t<\/div>\n\t\t\t\t\t\t\t\t<\/div>\n\t\t\t\t<\/div>\n\t\t\t\t\t<\/div>\n\t\t<\/div>\n\t\t\t\t<div class=\"elementor-column elementor-col-50 elementor-inner-column elementor-element elementor-element-0cd9802\" data-id=\"0cd9802\" data-element_type=\"column\">\n\t\t\t<div class=\"elementor-widget-wrap elementor-element-populated\">\n\t\t\t\t\t\t<div class=\"elementor-element elementor-element-576e264 elementor-widget elementor-widget-image\" data-id=\"576e264\" data-element_type=\"widget\" data-widget_type=\"image.default\">\n\t\t\t\t<div class=\"elementor-widget-container\">\n\t\t\t\t\t\t\t\t\t\t\t\t\t\t\t<img decoding=\"async\" width=\"1024\" height=\"523\" src=\"https:\/\/www.swissvisualdata.ch\/wp-content\/uploads\/2021\/03\/Excel-1024x523.gif\" class=\"attachment-large size-large wp-image-29704\" alt=\"\" srcset=\"https:\/\/www.swissvisualdata.ch\/wp-content\/uploads\/2021\/03\/Excel-1024x523.gif 1024w, https:\/\/www.swissvisualdata.ch\/wp-content\/uploads\/2021\/03\/Excel-300x153.gif 300w, https:\/\/www.swissvisualdata.ch\/wp-content\/uploads\/2021\/03\/Excel-768x392.gif 768w\" sizes=\"(max-width: 1024px) 100vw, 1024px\" \/>\t\t\t\t\t\t\t\t\t\t\t\t\t\t\t<\/div>\n\t\t\t\t<\/div>\n\t\t\t\t\t<\/div>\n\t\t<\/div>\n\t\t\t\t\t<\/div>\n\t\t<\/section>\n\t\t\t\t\t<\/div>\n\t\t<\/div>\n\t\t\t\t\t<\/div>\n\t\t<\/section>\n\t\t\t\t<\/div>","protected":false},"excerpt":{"rendered":"<p>Tools Power BI With Power BI we help you to visualize and share your data. Power BI is one of the best data visualisation software, allowing quick connection to countless data sources and formats. Power BI is the right solution to get the most value from your data. Click here Tableau Tableau software is one &hellip;<\/p>\n<p class=\"read-more\"> <a class=\"\" href=\"https:\/\/www.swissvisualdata.ch\/fr\/touls\/\"> <span class=\"screen-reader-text\">Outils<\/span> Lire la suite\u00a0\u00bb<\/a><\/p>","protected":false},"author":1,"featured_media":0,"parent":0,"menu_order":0,"comment_status":"closed","ping_status":"closed","template":"","meta":{"footnotes":""},"class_list":["post-29562","page","type-page","status-publish","hentry"],"yoast_head":"<!-- This site is optimized with the Yoast SEO plugin v17.6 - https:\/\/yoast.com\/wordpress\/plugins\/seo\/ -->\n<title>Tools<\/title>\n<meta name=\"description\" content=\"Tools Power BIWith Power BI we help you to visualize and share your data. Power BI is one of the best data visualisation software, allowing quick\" \/>\n<meta name=\"robots\" content=\"index, follow, max-snippet:-1, max-image-preview:large, max-video-preview:-1\" \/>\n<link rel=\"canonical\" href=\"https:\/\/www.swissvisualdata.ch\/fr\/touls\/\" \/>\n<meta property=\"og:locale\" content=\"fr_FR\" \/>\n<meta property=\"og:type\" content=\"article\" \/>\n<meta property=\"og:title\" content=\"Tools\" \/>\n<meta property=\"og:description\" content=\"Tools Power BIWith Power BI we help you to visualize and share your data. Power BI is one of the best data visualisation software, allowing quick\" \/>\n<meta property=\"og:url\" content=\"https:\/\/www.swissvisualdata.ch\/fr\/touls\/\" \/>\n<meta property=\"og:site_name\" content=\"Swiss Visual Data\" \/>\n<meta property=\"article:modified_time\" content=\"2021-10-25T08:54:39+00:00\" \/>\n<meta property=\"og:image\" content=\"https:\/\/www.swissvisualdata.ch\/wp-content\/uploads\/2021\/02\/Power-BI-1024x520.jpg\" \/>\n<meta name=\"twitter:card\" content=\"summary_large_image\" \/>\n<meta name=\"twitter:label1\" content=\"Dur\u00e9e de lecture estim\u00e9e\" \/>\n\t<meta name=\"twitter:data1\" content=\"2 minutes\" \/>\n<script type=\"application\/ld+json\" class=\"yoast-schema-graph\">{\"@context\":\"https:\/\/schema.org\",\"@graph\":[{\"@type\":\"Organization\",\"@id\":\"https:\/\/www.swissvisualdata.ch\/#organization\",\"name\":\"Swiss Visual Data\",\"url\":\"https:\/\/www.swissvisualdata.ch\/\",\"sameAs\":[\"https:\/\/www.instagram.com\/swissvisualdata\/\"],\"logo\":{\"@type\":\"ImageObject\",\"@id\":\"https:\/\/www.swissvisualdata.ch\/#logo\",\"inLanguage\":\"fr-FR\",\"url\":\"https:\/\/www.swissvisualdata.ch\/wp-content\/uploads\/2021\/10\/SVD_Trademark_Mini.png\",\"contentUrl\":\"https:\/\/www.swissvisualdata.ch\/wp-content\/uploads\/2021\/10\/SVD_Trademark_Mini.png\",\"width\":196,\"height\":196,\"caption\":\"Swiss Visual Data\"},\"image\":{\"@id\":\"https:\/\/www.swissvisualdata.ch\/#logo\"}},{\"@type\":\"WebSite\",\"@id\":\"https:\/\/www.swissvisualdata.ch\/#website\",\"url\":\"https:\/\/www.swissvisualdata.ch\/\",\"name\":\"Swiss Visual Data\",\"description\":\"Swiss Visual Data\",\"publisher\":{\"@id\":\"https:\/\/www.swissvisualdata.ch\/#organization\"},\"potentialAction\":[{\"@type\":\"SearchAction\",\"target\":{\"@type\":\"EntryPoint\",\"urlTemplate\":\"https:\/\/www.swissvisualdata.ch\/?s={search_term_string}\"},\"query-input\":\"required name=search_term_string\"}],\"inLanguage\":\"fr-FR\"},{\"@type\":\"ImageObject\",\"@id\":\"https:\/\/www.swissvisualdata.ch\/fr\/touls\/#primaryimage\",\"inLanguage\":\"fr-FR\",\"url\":\"https:\/\/www.swissvisualdata.ch\/wp-content\/uploads\/2021\/02\/Power-BI.jpg\",\"contentUrl\":\"https:\/\/www.swissvisualdata.ch\/wp-content\/uploads\/2021\/02\/Power-BI.jpg\",\"width\":1832,\"height\":931},{\"@type\":\"WebPage\",\"@id\":\"https:\/\/www.swissvisualdata.ch\/fr\/touls\/#webpage\",\"url\":\"https:\/\/www.swissvisualdata.ch\/fr\/touls\/\",\"name\":\"Tools\",\"isPartOf\":{\"@id\":\"https:\/\/www.swissvisualdata.ch\/#website\"},\"primaryImageOfPage\":{\"@id\":\"https:\/\/www.swissvisualdata.ch\/fr\/touls\/#primaryimage\"},\"datePublished\":\"2021-03-09T12:57:51+00:00\",\"dateModified\":\"2021-10-25T08:54:39+00:00\",\"description\":\"Tools Power BIWith Power BI we help you to visualize and share your data. Power BI is one of the best data visualisation software, allowing quick\",\"breadcrumb\":{\"@id\":\"https:\/\/www.swissvisualdata.ch\/fr\/touls\/#breadcrumb\"},\"inLanguage\":\"fr-FR\",\"potentialAction\":[{\"@type\":\"ReadAction\",\"target\":[\"https:\/\/www.swissvisualdata.ch\/fr\/touls\/\"]}]},{\"@type\":\"BreadcrumbList\",\"@id\":\"https:\/\/www.swissvisualdata.ch\/fr\/touls\/#breadcrumb\",\"itemListElement\":[{\"@type\":\"ListItem\",\"position\":1,\"name\":\"Home\",\"item\":\"https:\/\/www.swissvisualdata.ch\/\"},{\"@type\":\"ListItem\",\"position\":2,\"name\":\"Tools\"}]}]}<\/script>\n<!-- \/ Yoast SEO plugin. -->","yoast_head_json":{"title":"Tools","description":"Tools Power BIWith Power BI we help you to visualize and share your data. Power BI is one of the best data visualisation software, allowing quick","robots":{"index":"index","follow":"follow","max-snippet":"max-snippet:-1","max-image-preview":"max-image-preview:large","max-video-preview":"max-video-preview:-1"},"canonical":"https:\/\/www.swissvisualdata.ch\/fr\/touls\/","og_locale":"fr_FR","og_type":"article","og_title":"Tools","og_description":"Tools Power BIWith Power BI we help you to visualize and share your data. Power BI is one of the best data visualisation software, allowing quick","og_url":"https:\/\/www.swissvisualdata.ch\/fr\/touls\/","og_site_name":"Swiss Visual Data","article_modified_time":"2021-10-25T08:54:39+00:00","og_image":[{"url":"https:\/\/www.swissvisualdata.ch\/wp-content\/uploads\/2021\/02\/Power-BI-1024x520.jpg"}],"twitter_card":"summary_large_image","twitter_misc":{"Dur\u00e9e de lecture estim\u00e9e":"2 minutes"},"schema":{"@context":"https:\/\/schema.org","@graph":[{"@type":"Organization","@id":"https:\/\/www.swissvisualdata.ch\/#organization","name":"Swiss Visual Data","url":"https:\/\/www.swissvisualdata.ch\/","sameAs":["https:\/\/www.instagram.com\/swissvisualdata\/"],"logo":{"@type":"ImageObject","@id":"https:\/\/www.swissvisualdata.ch\/#logo","inLanguage":"fr-FR","url":"https:\/\/www.swissvisualdata.ch\/wp-content\/uploads\/2021\/10\/SVD_Trademark_Mini.png","contentUrl":"https:\/\/www.swissvisualdata.ch\/wp-content\/uploads\/2021\/10\/SVD_Trademark_Mini.png","width":196,"height":196,"caption":"Swiss Visual Data"},"image":{"@id":"https:\/\/www.swissvisualdata.ch\/#logo"}},{"@type":"WebSite","@id":"https:\/\/www.swissvisualdata.ch\/#website","url":"https:\/\/www.swissvisualdata.ch\/","name":"Swiss Visual Data","description":"Swiss Visual Data","publisher":{"@id":"https:\/\/www.swissvisualdata.ch\/#organization"},"potentialAction":[{"@type":"SearchAction","target":{"@type":"EntryPoint","urlTemplate":"https:\/\/www.swissvisualdata.ch\/?s={search_term_string}"},"query-input":"required name=search_term_string"}],"inLanguage":"fr-FR"},{"@type":"ImageObject","@id":"https:\/\/www.swissvisualdata.ch\/fr\/touls\/#primaryimage","inLanguage":"fr-FR","url":"https:\/\/www.swissvisualdata.ch\/wp-content\/uploads\/2021\/02\/Power-BI.jpg","contentUrl":"https:\/\/www.swissvisualdata.ch\/wp-content\/uploads\/2021\/02\/Power-BI.jpg","width":1832,"height":931},{"@type":"WebPage","@id":"https:\/\/www.swissvisualdata.ch\/fr\/touls\/#webpage","url":"https:\/\/www.swissvisualdata.ch\/fr\/touls\/","name":"Tools","isPartOf":{"@id":"https:\/\/www.swissvisualdata.ch\/#website"},"primaryImageOfPage":{"@id":"https:\/\/www.swissvisualdata.ch\/fr\/touls\/#primaryimage"},"datePublished":"2021-03-09T12:57:51+00:00","dateModified":"2021-10-25T08:54:39+00:00","description":"Tools Power BIWith Power BI we help you to visualize and share your data. Power BI is one of the best data visualisation software, allowing quick","breadcrumb":{"@id":"https:\/\/www.swissvisualdata.ch\/fr\/touls\/#breadcrumb"},"inLanguage":"fr-FR","potentialAction":[{"@type":"ReadAction","target":["https:\/\/www.swissvisualdata.ch\/fr\/touls\/"]}]},{"@type":"BreadcrumbList","@id":"https:\/\/www.swissvisualdata.ch\/fr\/touls\/#breadcrumb","itemListElement":[{"@type":"ListItem","position":1,"name":"Home","item":"https:\/\/www.swissvisualdata.ch\/"},{"@type":"ListItem","position":2,"name":"Tools"}]}]}},"_links":{"self":[{"href":"https:\/\/www.swissvisualdata.ch\/fr\/wp-json\/wp\/v2\/pages\/29562","targetHints":{"allow":["GET"]}}],"collection":[{"href":"https:\/\/www.swissvisualdata.ch\/fr\/wp-json\/wp\/v2\/pages"}],"about":[{"href":"https:\/\/www.swissvisualdata.ch\/fr\/wp-json\/wp\/v2\/types\/page"}],"author":[{"embeddable":true,"href":"https:\/\/www.swissvisualdata.ch\/fr\/wp-json\/wp\/v2\/users\/1"}],"replies":[{"embeddable":true,"href":"https:\/\/www.swissvisualdata.ch\/fr\/wp-json\/wp\/v2\/comments?post=29562"}],"version-history":[{"count":93,"href":"https:\/\/www.swissvisualdata.ch\/fr\/wp-json\/wp\/v2\/pages\/29562\/revisions"}],"predecessor-version":[{"id":30734,"href":"https:\/\/www.swissvisualdata.ch\/fr\/wp-json\/wp\/v2\/pages\/29562\/revisions\/30734"}],"wp:attachment":[{"href":"https:\/\/www.swissvisualdata.ch\/fr\/wp-json\/wp\/v2\/media?parent=29562"}],"curies":[{"name":"wp","href":"https:\/\/api.w.org\/{rel}","templated":true}]}}