{"id":29495,"date":"2021-03-04T15:16:04","date_gmt":"2021-03-04T14:16:04","guid":{"rendered":"https:\/\/www.swissvisualdata.ch\/?page_id=29495"},"modified":"2021-07-08T11:46:24","modified_gmt":"2021-07-08T09:46:24","slug":"tableau","status":"publish","type":"page","link":"https:\/\/www.swissvisualdata.ch\/fr\/touls\/tableau\/","title":{"rendered":"Tableau"},"content":{"rendered":"<div data-elementor-type=\"wp-page\" data-elementor-id=\"29495\" class=\"elementor elementor-29495\" data-elementor-post-type=\"page\">\n\t\t\t\t\t\t<section class=\"elementor-section elementor-top-section elementor-element elementor-element-1b0a5d33 elementor-section-boxed elementor-section-height-default elementor-section-height-default\" data-id=\"1b0a5d33\" data-element_type=\"section\" data-settings=\"{&quot;background_background&quot;:&quot;classic&quot;}\">\n\t\t\t\t\t\t\t<div class=\"elementor-background-overlay\"><\/div>\n\t\t\t\t\t\t\t<div class=\"elementor-container elementor-column-gap-default\">\n\t\t\t\t\t<div class=\"elementor-column elementor-col-100 elementor-top-column elementor-element elementor-element-1f841ba\" data-id=\"1f841ba\" data-element_type=\"column\">\n\t\t\t<div class=\"elementor-widget-wrap elementor-element-populated\">\n\t\t\t\t\t\t<div class=\"elementor-element elementor-element-bccd985 elementor-widget elementor-widget-spacer\" data-id=\"bccd985\" data-element_type=\"widget\" data-widget_type=\"spacer.default\">\n\t\t\t\t<div class=\"elementor-widget-container\">\n\t\t\t\t\t\t\t<div class=\"elementor-spacer\">\n\t\t\t<div class=\"elementor-spacer-inner\"><\/div>\n\t\t<\/div>\n\t\t\t\t\t\t<\/div>\n\t\t\t\t<\/div>\n\t\t\t\t<div class=\"elementor-element elementor-element-365ba0bd elementor-widget elementor-widget-heading\" data-id=\"365ba0bd\" data-element_type=\"widget\" data-widget_type=\"heading.default\">\n\t\t\t\t<div class=\"elementor-widget-container\">\n\t\t\t\t\t<h1 class=\"elementor-heading-title elementor-size-default\">Tableau<\/h1>\t\t\t\t<\/div>\n\t\t\t\t<\/div>\n\t\t\t\t<section class=\"elementor-section elementor-inner-section elementor-element elementor-element-d0c7f7c elementor-section-boxed elementor-section-height-default elementor-section-height-default\" data-id=\"d0c7f7c\" data-element_type=\"section\">\n\t\t\t\t\t\t<div class=\"elementor-container elementor-column-gap-default\">\n\t\t\t\t\t<div class=\"elementor-column elementor-col-33 elementor-inner-column elementor-element elementor-element-35ac95a\" data-id=\"35ac95a\" data-element_type=\"column\">\n\t\t\t<div class=\"elementor-widget-wrap\">\n\t\t\t\t\t\t\t<\/div>\n\t\t<\/div>\n\t\t\t\t<div class=\"elementor-column elementor-col-33 elementor-inner-column elementor-element elementor-element-1e1768e\" data-id=\"1e1768e\" data-element_type=\"column\">\n\t\t\t<div class=\"elementor-widget-wrap elementor-element-populated\">\n\t\t\t\t\t\t<div class=\"elementor-element elementor-element-2744014 elementor-widget elementor-widget-heading\" data-id=\"2744014\" data-element_type=\"widget\" data-widget_type=\"heading.default\">\n\t\t\t\t<div class=\"elementor-widget-container\">\n\t\t\t\t\t<span class=\"elementor-heading-title elementor-size-large\">D\u00e9couvrez comment notre exp\u00e9rience avec Tableau donne \u00e0 vos donn\u00e9es une autre dimension visuelle. Vous pourrez facilement interagir avec vos donn\u00e9es de mani\u00e8re intelligente et facile \u00e0 manipuler.<\/span>\t\t\t\t<\/div>\n\t\t\t\t<\/div>\n\t\t\t\t\t<\/div>\n\t\t<\/div>\n\t\t\t\t<div class=\"elementor-column elementor-col-33 elementor-inner-column elementor-element elementor-element-583f257\" data-id=\"583f257\" data-element_type=\"column\">\n\t\t\t<div class=\"elementor-widget-wrap\">\n\t\t\t\t\t\t\t<\/div>\n\t\t<\/div>\n\t\t\t\t\t<\/div>\n\t\t<\/section>\n\t\t\t\t\t<\/div>\n\t\t<\/div>\n\t\t\t\t\t<\/div>\n\t\t<\/section>\n\t\t\t\t<section class=\"elementor-section elementor-top-section elementor-element elementor-element-4d2c9e9 elementor-reverse-mobile elementor-section-boxed elementor-section-height-default elementor-section-height-default\" data-id=\"4d2c9e9\" data-element_type=\"section\">\n\t\t\t\t\t\t<div class=\"elementor-container elementor-column-gap-no\">\n\t\t\t\t\t<div class=\"elementor-column elementor-col-50 elementor-top-column elementor-element elementor-element-1148300\" data-id=\"1148300\" data-element_type=\"column\">\n\t\t\t<div class=\"elementor-widget-wrap elementor-element-populated\">\n\t\t\t\t\t\t<div class=\"elementor-element elementor-element-5070b618 elementor-widget elementor-widget-heading\" data-id=\"5070b618\" data-element_type=\"widget\" data-widget_type=\"heading.default\">\n\t\t\t\t<div class=\"elementor-widget-container\">\n\t\t\t\t\t<h2 class=\"elementor-heading-title elementor-size-default\">Tableau<\/h2>\t\t\t\t<\/div>\n\t\t\t\t<\/div>\n\t\t\t\t<div class=\"elementor-element elementor-element-62d352e2 elementor-widget elementor-widget-text-editor\" data-id=\"62d352e2\" data-element_type=\"widget\" data-widget_type=\"text-editor.default\">\n\t\t\t\t<div class=\"elementor-widget-container\">\n\t\t\t\t\t\t\t\t\t<p>Tableau Software est un logiciel interactif de visualisation de donn\u00e9es ax\u00e9 sur la business intelligence.<\/p><p class=\"heading--h5 hero__subtitle\">Tableau est une plateforme d'analyse visuelle qui transforme la fa\u00e7on dont nous utilisons les donn\u00e9es pour r\u00e9soudre les probl\u00e8mes, en donnant aux personnes et aux organisations le pouvoir de tirer le meilleur parti de leurs donn\u00e9es.<\/p>\t\t\t\t\t\t\t\t<\/div>\n\t\t\t\t<\/div>\n\t\t\t\t\t<\/div>\n\t\t<\/div>\n\t\t\t\t<div class=\"elementor-column elementor-col-50 elementor-top-column elementor-element elementor-element-7285665\" data-id=\"7285665\" data-element_type=\"column\">\n\t\t\t<div class=\"elementor-widget-wrap elementor-element-populated\">\n\t\t\t\t\t\t<div class=\"elementor-element elementor-element-b4f2b16 elementor-widget elementor-widget-video\" data-id=\"b4f2b16\" data-element_type=\"widget\" data-settings=\"{&quot;youtube_url&quot;:&quot;https:\\\/\\\/www.youtube.com\\\/watch?v=YfE9jBq002s&quot;,&quot;video_type&quot;:&quot;youtube&quot;,&quot;controls&quot;:&quot;yes&quot;}\" data-widget_type=\"video.default\">\n\t\t\t\t<div class=\"elementor-widget-container\">\n\t\t\t\t\t\t\t<div class=\"elementor-wrapper elementor-open-inline\">\n\t\t\t<div class=\"elementor-video\"><\/div>\t\t<\/div>\n\t\t\t\t\t\t<\/div>\n\t\t\t\t<\/div>\n\t\t\t\t\t<\/div>\n\t\t<\/div>\n\t\t\t\t\t<\/div>\n\t\t<\/section>\n\t\t\t\t<\/div>","protected":false},"excerpt":{"rendered":"<p>Tableau Try how our Tableau experience gives your data another visual dimension. You&#8217;ll be able to easily interact with your data in an intelligent and easy-to-manipulate way. Tableau Tableau Software is an interactive data visualization software focused on business intelligence. Tableau is a visual analytics platform transforming the way we use data to solve problems\u2014empowering &hellip;<\/p>\n<p class=\"read-more\"> <a class=\"\" href=\"https:\/\/www.swissvisualdata.ch\/fr\/touls\/tableau\/\"> <span class=\"screen-reader-text\">Tableau<\/span> Lire la suite\u00a0\u00bb<\/a><\/p>","protected":false},"author":1,"featured_media":0,"parent":29562,"menu_order":0,"comment_status":"closed","ping_status":"closed","template":"","meta":{"footnotes":""},"class_list":["post-29495","page","type-page","status-publish","hentry"],"yoast_head":"<!-- This site is optimized with the Yoast SEO plugin v17.6 - https:\/\/yoast.com\/wordpress\/plugins\/seo\/ -->\n<title>Tableau<\/title>\n<meta name=\"description\" content=\"Tableau Try how our Tableau experience gives your data another visual dimension. You&#039;ll be able to easily interact with your data in an intelligent and\" \/>\n<meta name=\"robots\" content=\"index, follow, max-snippet:-1, max-image-preview:large, max-video-preview:-1\" \/>\n<link rel=\"canonical\" href=\"https:\/\/www.swissvisualdata.ch\/fr\/touls\/tableau\/\" \/>\n<meta property=\"og:locale\" content=\"fr_FR\" \/>\n<meta property=\"og:type\" content=\"article\" \/>\n<meta property=\"og:title\" content=\"Tableau\" \/>\n<meta property=\"og:description\" content=\"Tableau Try how our Tableau experience gives your data another visual dimension. You&#039;ll be able to easily interact with your data in an intelligent and\" \/>\n<meta property=\"og:url\" content=\"https:\/\/www.swissvisualdata.ch\/fr\/touls\/tableau\/\" \/>\n<meta property=\"og:site_name\" content=\"Swiss Visual Data\" \/>\n<meta property=\"article:modified_time\" content=\"2021-07-08T09:46:24+00:00\" \/>\n<meta name=\"twitter:card\" content=\"summary_large_image\" \/>\n<script type=\"application\/ld+json\" class=\"yoast-schema-graph\">{\"@context\":\"https:\/\/schema.org\",\"@graph\":[{\"@type\":\"Organization\",\"@id\":\"https:\/\/www.swissvisualdata.ch\/#organization\",\"name\":\"Swiss Visual Data\",\"url\":\"https:\/\/www.swissvisualdata.ch\/\",\"sameAs\":[\"https:\/\/www.instagram.com\/swissvisualdata\/\"],\"logo\":{\"@type\":\"ImageObject\",\"@id\":\"https:\/\/www.swissvisualdata.ch\/#logo\",\"inLanguage\":\"fr-FR\",\"url\":\"https:\/\/www.swissvisualdata.ch\/wp-content\/uploads\/2021\/10\/SVD_Trademark_Mini.png\",\"contentUrl\":\"https:\/\/www.swissvisualdata.ch\/wp-content\/uploads\/2021\/10\/SVD_Trademark_Mini.png\",\"width\":196,\"height\":196,\"caption\":\"Swiss Visual Data\"},\"image\":{\"@id\":\"https:\/\/www.swissvisualdata.ch\/#logo\"}},{\"@type\":\"WebSite\",\"@id\":\"https:\/\/www.swissvisualdata.ch\/#website\",\"url\":\"https:\/\/www.swissvisualdata.ch\/\",\"name\":\"Swiss Visual Data\",\"description\":\"Swiss Visual Data\",\"publisher\":{\"@id\":\"https:\/\/www.swissvisualdata.ch\/#organization\"},\"potentialAction\":[{\"@type\":\"SearchAction\",\"target\":{\"@type\":\"EntryPoint\",\"urlTemplate\":\"https:\/\/www.swissvisualdata.ch\/?s={search_term_string}\"},\"query-input\":\"required name=search_term_string\"}],\"inLanguage\":\"fr-FR\"},{\"@type\":\"WebPage\",\"@id\":\"https:\/\/www.swissvisualdata.ch\/fr\/touls\/tableau\/#webpage\",\"url\":\"https:\/\/www.swissvisualdata.ch\/fr\/touls\/tableau\/\",\"name\":\"Tableau\",\"isPartOf\":{\"@id\":\"https:\/\/www.swissvisualdata.ch\/#website\"},\"datePublished\":\"2021-03-04T14:16:04+00:00\",\"dateModified\":\"2021-07-08T09:46:24+00:00\",\"description\":\"Tableau Try how our Tableau experience gives your data another visual dimension. You'll be able to easily interact with your data in an intelligent and\",\"breadcrumb\":{\"@id\":\"https:\/\/www.swissvisualdata.ch\/fr\/touls\/tableau\/#breadcrumb\"},\"inLanguage\":\"fr-FR\",\"potentialAction\":[{\"@type\":\"ReadAction\",\"target\":[\"https:\/\/www.swissvisualdata.ch\/fr\/touls\/tableau\/\"]}]},{\"@type\":\"BreadcrumbList\",\"@id\":\"https:\/\/www.swissvisualdata.ch\/fr\/touls\/tableau\/#breadcrumb\",\"itemListElement\":[{\"@type\":\"ListItem\",\"position\":1,\"name\":\"Home\",\"item\":\"https:\/\/www.swissvisualdata.ch\/\"},{\"@type\":\"ListItem\",\"position\":2,\"name\":\"Tools\",\"item\":\"https:\/\/www.swissvisualdata.ch\/fr\/touls\/\"},{\"@type\":\"ListItem\",\"position\":3,\"name\":\"Tableau\"}]}]}<\/script>\n<!-- \/ Yoast SEO plugin. -->","yoast_head_json":{"title":"Tableau","description":"Tableau Try how our Tableau experience gives your data another visual dimension. You'll be able to easily interact with your data in an intelligent and","robots":{"index":"index","follow":"follow","max-snippet":"max-snippet:-1","max-image-preview":"max-image-preview:large","max-video-preview":"max-video-preview:-1"},"canonical":"https:\/\/www.swissvisualdata.ch\/fr\/touls\/tableau\/","og_locale":"fr_FR","og_type":"article","og_title":"Tableau","og_description":"Tableau Try how our Tableau experience gives your data another visual dimension. You'll be able to easily interact with your data in an intelligent and","og_url":"https:\/\/www.swissvisualdata.ch\/fr\/touls\/tableau\/","og_site_name":"Swiss Visual Data","article_modified_time":"2021-07-08T09:46:24+00:00","twitter_card":"summary_large_image","schema":{"@context":"https:\/\/schema.org","@graph":[{"@type":"Organization","@id":"https:\/\/www.swissvisualdata.ch\/#organization","name":"Swiss Visual Data","url":"https:\/\/www.swissvisualdata.ch\/","sameAs":["https:\/\/www.instagram.com\/swissvisualdata\/"],"logo":{"@type":"ImageObject","@id":"https:\/\/www.swissvisualdata.ch\/#logo","inLanguage":"fr-FR","url":"https:\/\/www.swissvisualdata.ch\/wp-content\/uploads\/2021\/10\/SVD_Trademark_Mini.png","contentUrl":"https:\/\/www.swissvisualdata.ch\/wp-content\/uploads\/2021\/10\/SVD_Trademark_Mini.png","width":196,"height":196,"caption":"Swiss Visual Data"},"image":{"@id":"https:\/\/www.swissvisualdata.ch\/#logo"}},{"@type":"WebSite","@id":"https:\/\/www.swissvisualdata.ch\/#website","url":"https:\/\/www.swissvisualdata.ch\/","name":"Swiss Visual Data","description":"Swiss Visual Data","publisher":{"@id":"https:\/\/www.swissvisualdata.ch\/#organization"},"potentialAction":[{"@type":"SearchAction","target":{"@type":"EntryPoint","urlTemplate":"https:\/\/www.swissvisualdata.ch\/?s={search_term_string}"},"query-input":"required name=search_term_string"}],"inLanguage":"fr-FR"},{"@type":"WebPage","@id":"https:\/\/www.swissvisualdata.ch\/fr\/touls\/tableau\/#webpage","url":"https:\/\/www.swissvisualdata.ch\/fr\/touls\/tableau\/","name":"Tableau","isPartOf":{"@id":"https:\/\/www.swissvisualdata.ch\/#website"},"datePublished":"2021-03-04T14:16:04+00:00","dateModified":"2021-07-08T09:46:24+00:00","description":"Tableau Try how our Tableau experience gives your data another visual dimension. You'll be able to easily interact with your data in an intelligent and","breadcrumb":{"@id":"https:\/\/www.swissvisualdata.ch\/fr\/touls\/tableau\/#breadcrumb"},"inLanguage":"fr-FR","potentialAction":[{"@type":"ReadAction","target":["https:\/\/www.swissvisualdata.ch\/fr\/touls\/tableau\/"]}]},{"@type":"BreadcrumbList","@id":"https:\/\/www.swissvisualdata.ch\/fr\/touls\/tableau\/#breadcrumb","itemListElement":[{"@type":"ListItem","position":1,"name":"Home","item":"https:\/\/www.swissvisualdata.ch\/"},{"@type":"ListItem","position":2,"name":"Tools","item":"https:\/\/www.swissvisualdata.ch\/fr\/touls\/"},{"@type":"ListItem","position":3,"name":"Tableau"}]}]}},"_links":{"self":[{"href":"https:\/\/www.swissvisualdata.ch\/fr\/wp-json\/wp\/v2\/pages\/29495","targetHints":{"allow":["GET"]}}],"collection":[{"href":"https:\/\/www.swissvisualdata.ch\/fr\/wp-json\/wp\/v2\/pages"}],"about":[{"href":"https:\/\/www.swissvisualdata.ch\/fr\/wp-json\/wp\/v2\/types\/page"}],"author":[{"embeddable":true,"href":"https:\/\/www.swissvisualdata.ch\/fr\/wp-json\/wp\/v2\/users\/1"}],"replies":[{"embeddable":true,"href":"https:\/\/www.swissvisualdata.ch\/fr\/wp-json\/wp\/v2\/comments?post=29495"}],"version-history":[{"count":28,"href":"https:\/\/www.swissvisualdata.ch\/fr\/wp-json\/wp\/v2\/pages\/29495\/revisions"}],"predecessor-version":[{"id":30272,"href":"https:\/\/www.swissvisualdata.ch\/fr\/wp-json\/wp\/v2\/pages\/29495\/revisions\/30272"}],"up":[{"embeddable":true,"href":"https:\/\/www.swissvisualdata.ch\/fr\/wp-json\/wp\/v2\/pages\/29562"}],"wp:attachment":[{"href":"https:\/\/www.swissvisualdata.ch\/fr\/wp-json\/wp\/v2\/media?parent=29495"}],"curies":[{"name":"wp","href":"https:\/\/api.w.org\/{rel}","templated":true}]}}