{"id":28979,"date":"2020-04-13T11:18:48","date_gmt":"2020-04-13T09:18:48","guid":{"rendered":"http:\/\/swissvisualdata.ch\/contact-2\/"},"modified":"2021-11-01T14:49:49","modified_gmt":"2021-11-01T13:49:49","slug":"contact","status":"publish","type":"page","link":"https:\/\/www.swissvisualdata.ch\/en\/contact\/","title":{"rendered":"Contact"},"content":{"rendered":"\t\t<div data-elementor-type=\"wp-page\" data-elementor-id=\"28979\" class=\"elementor elementor-28979\" data-elementor-post-type=\"page\">\n\t\t\t\t\t\t<section class=\"elementor-section elementor-top-section elementor-element elementor-element-ede6f42 elementor-section-boxed elementor-section-height-default elementor-section-height-default\" data-id=\"ede6f42\" data-element_type=\"section\" data-settings=\"{&quot;background_background&quot;:&quot;classic&quot;}\">\n\t\t\t\t\t\t\t<div class=\"elementor-background-overlay\"><\/div>\n\t\t\t\t\t\t\t<div class=\"elementor-container elementor-column-gap-default\">\n\t\t\t\t\t<div class=\"elementor-column elementor-col-100 elementor-top-column elementor-element elementor-element-bc6a053\" data-id=\"bc6a053\" data-element_type=\"column\">\n\t\t\t<div class=\"elementor-widget-wrap elementor-element-populated\">\n\t\t\t\t\t\t<div class=\"elementor-element elementor-element-e9f7ade elementor-widget elementor-widget-spacer\" data-id=\"e9f7ade\" data-element_type=\"widget\" data-widget_type=\"spacer.default\">\n\t\t\t\t<div class=\"elementor-widget-container\">\n\t\t\t\t\t\t\t<div class=\"elementor-spacer\">\n\t\t\t<div class=\"elementor-spacer-inner\"><\/div>\n\t\t<\/div>\n\t\t\t\t\t\t<\/div>\n\t\t\t\t<\/div>\n\t\t\t\t<div class=\"elementor-element elementor-element-32a6ad1b elementor-widget elementor-widget-heading\" data-id=\"32a6ad1b\" data-element_type=\"widget\" data-widget_type=\"heading.default\">\n\t\t\t\t<div class=\"elementor-widget-container\">\n\t\t\t\t\t<h1 class=\"elementor-heading-title elementor-size-default\">Contact<\/h1>\t\t\t\t<\/div>\n\t\t\t\t<\/div>\n\t\t\t\t<div class=\"elementor-element elementor-element-0306f76 elementor-widget elementor-widget-spacer\" data-id=\"0306f76\" data-element_type=\"widget\" data-widget_type=\"spacer.default\">\n\t\t\t\t<div class=\"elementor-widget-container\">\n\t\t\t\t\t\t\t<div class=\"elementor-spacer\">\n\t\t\t<div class=\"elementor-spacer-inner\"><\/div>\n\t\t<\/div>\n\t\t\t\t\t\t<\/div>\n\t\t\t\t<\/div>\n\t\t\t\t\t<\/div>\n\t\t<\/div>\n\t\t\t\t\t<\/div>\n\t\t<\/section>\n\t\t\t\t<section class=\"elementor-section elementor-top-section elementor-element elementor-element-29b02a85 elementor-section-content-top elementor-section-boxed elementor-section-height-default elementor-section-height-default\" data-id=\"29b02a85\" data-element_type=\"section\">\n\t\t\t\t\t\t\t<div class=\"elementor-background-overlay\"><\/div>\n\t\t\t\t\t\t\t<div class=\"elementor-container elementor-column-gap-no\">\n\t\t\t\t\t<div class=\"elementor-column elementor-col-50 elementor-top-column elementor-element elementor-element-30c96c92\" data-id=\"30c96c92\" data-element_type=\"column\">\n\t\t\t<div class=\"elementor-widget-wrap elementor-element-populated\">\n\t\t\t\t\t\t<div class=\"elementor-element elementor-element-797852d1 elementor-widget elementor-widget-heading\" data-id=\"797852d1\" data-element_type=\"widget\" data-widget_type=\"heading.default\">\n\t\t\t\t<div class=\"elementor-widget-container\">\n\t\t\t\t\t<h3 class=\"elementor-heading-title elementor-size-default\">Numbers<\/h3>\t\t\t\t<\/div>\n\t\t\t\t<\/div>\n\t\t\t\t<div class=\"elementor-element elementor-element-742fde44 elementor-icon-list--layout-traditional elementor-list-item-link-full_width elementor-widget elementor-widget-icon-list\" data-id=\"742fde44\" data-element_type=\"widget\" data-widget_type=\"icon-list.default\">\n\t\t\t\t<div class=\"elementor-widget-container\">\n\t\t\t\t\t\t\t<ul class=\"elementor-icon-list-items\">\n\t\t\t\t\t\t\t<li class=\"elementor-icon-list-item\">\n\t\t\t\t\t\t\t\t\t\t\t<a href=\"tel:(123)%20456%207890\">\n\n\t\t\t\t\t\t\t\t\t\t\t\t<span class=\"elementor-icon-list-icon\">\n\t\t\t\t\t\t\t<svg aria-hidden=\"true\" class=\"e-font-icon-svg e-fas-phone-square\" viewBox=\"0 0 448 512\" xmlns=\"http:\/\/www.w3.org\/2000\/svg\"><path d=\"M400 32H48C21.49 32 0 53.49 0 80v352c0 26.51 21.49 48 48 48h352c26.51 0 48-21.49 48-48V80c0-26.51-21.49-48-48-48zM94 416c-7.033 0-13.057-4.873-14.616-11.627l-14.998-65a15 15 0 0 1 8.707-17.16l69.998-29.999a15 15 0 0 1 17.518 4.289l30.997 37.885c48.944-22.963 88.297-62.858 110.781-110.78l-37.886-30.997a15.001 15.001 0 0 1-4.289-17.518l30-69.998a15 15 0 0 1 17.16-8.707l65 14.998A14.997 14.997 0 0 1 384 126c0 160.292-129.945 290-290 290z\"><\/path><\/svg>\t\t\t\t\t\t<\/span>\n\t\t\t\t\t\t\t\t\t\t<span class=\"elementor-icon-list-text\">General Inquiries (+41) 79 938 64 18<\/span>\n\t\t\t\t\t\t\t\t\t\t\t<\/a>\n\t\t\t\t\t\t\t\t\t<\/li>\n\t\t\t\t\t\t<\/ul>\n\t\t\t\t\t\t<\/div>\n\t\t\t\t<\/div>\n\t\t\t\t<div class=\"elementor-element elementor-element-ff1c11b elementor-widget elementor-widget-heading\" data-id=\"ff1c11b\" data-element_type=\"widget\" data-widget_type=\"heading.default\">\n\t\t\t\t<div class=\"elementor-widget-container\">\n\t\t\t\t\t<h3 class=\"elementor-heading-title elementor-size-default\">Email<\/h3>\t\t\t\t<\/div>\n\t\t\t\t<\/div>\n\t\t\t\t<div class=\"elementor-element elementor-element-4e3eee7 elementor-align-left elementor-icon-list--layout-traditional elementor-list-item-link-full_width elementor-widget elementor-widget-icon-list\" data-id=\"4e3eee7\" data-element_type=\"widget\" data-widget_type=\"icon-list.default\">\n\t\t\t\t<div class=\"elementor-widget-container\">\n\t\t\t\t\t\t\t<ul class=\"elementor-icon-list-items\">\n\t\t\t\t\t\t\t<li class=\"elementor-icon-list-item\">\n\t\t\t\t\t\t\t\t\t\t\t<a href=\"mailto:info@swissvisualdata.ch\" rel=\"nofollow\">\n\n\t\t\t\t\t\t\t\t\t\t\t\t<span class=\"elementor-icon-list-icon\">\n\t\t\t\t\t\t\t<svg aria-hidden=\"true\" class=\"e-font-icon-svg e-fas-info-circle\" viewBox=\"0 0 512 512\" xmlns=\"http:\/\/www.w3.org\/2000\/svg\"><path d=\"M256 8C119.043 8 8 119.083 8 256c0 136.997 111.043 248 248 248s248-111.003 248-248C504 119.083 392.957 8 256 8zm0 110c23.196 0 42 18.804 42 42s-18.804 42-42 42-42-18.804-42-42 18.804-42 42-42zm56 254c0 6.627-5.373 12-12 12h-88c-6.627 0-12-5.373-12-12v-24c0-6.627 5.373-12 12-12h12v-64h-12c-6.627 0-12-5.373-12-12v-24c0-6.627 5.373-12 12-12h64c6.627 0 12 5.373 12 12v100h12c6.627 0 12 5.373 12 12v24z\"><\/path><\/svg>\t\t\t\t\t\t<\/span>\n\t\t\t\t\t\t\t\t\t\t<span class=\"elementor-icon-list-text\">info@swissvisualdata.ch<\/span>\n\t\t\t\t\t\t\t\t\t\t\t<\/a>\n\t\t\t\t\t\t\t\t\t<\/li>\n\t\t\t\t\t\t<\/ul>\n\t\t\t\t\t\t<\/div>\n\t\t\t\t<\/div>\n\t\t\t\t<div class=\"elementor-element elementor-element-f845a18 elementor-widget elementor-widget-spacer\" data-id=\"f845a18\" data-element_type=\"widget\" data-widget_type=\"spacer.default\">\n\t\t\t\t<div class=\"elementor-widget-container\">\n\t\t\t\t\t\t\t<div class=\"elementor-spacer\">\n\t\t\t<div class=\"elementor-spacer-inner\"><\/div>\n\t\t<\/div>\n\t\t\t\t\t\t<\/div>\n\t\t\t\t<\/div>\n\t\t\t\t<div class=\"elementor-element elementor-element-5806b4d elementor-widget elementor-widget-image\" data-id=\"5806b4d\" data-element_type=\"widget\" data-widget_type=\"image.default\">\n\t\t\t\t<div class=\"elementor-widget-container\">\n\t\t\t\t\t\t\t\t\t\t\t\t\t\t\t\t<a href=\"https:\/\/www.instagram.com\/swissvisualdata\/\" target=\"_blank\">\n\t\t\t\t\t\t\t<img decoding=\"async\" src=\"https:\/\/www.swissvisualdata.ch\/wp-content\/uploads\/elementor\/thumbs\/InstagramLogo-p9tcys14bx4c363m7j301v5q6hs4q1ouhxor2ffdzk.jpg\" title=\"InstagramLogo\" alt=\"InstagramLogo\" loading=\"lazy\" \/>\t\t\t\t\t\t\t\t<\/a>\n\t\t\t\t\t\t\t\t\t\t\t\t\t\t\t<\/div>\n\t\t\t\t<\/div>\n\t\t\t\t<div class=\"elementor-element elementor-element-946ef61 elementor-widget elementor-widget-spacer\" data-id=\"946ef61\" data-element_type=\"widget\" data-widget_type=\"spacer.default\">\n\t\t\t\t<div class=\"elementor-widget-container\">\n\t\t\t\t\t\t\t<div class=\"elementor-spacer\">\n\t\t\t<div class=\"elementor-spacer-inner\"><\/div>\n\t\t<\/div>\n\t\t\t\t\t\t<\/div>\n\t\t\t\t<\/div>\n\t\t\t\t<div class=\"elementor-element elementor-element-bb23cfd elementor-widget elementor-widget-image\" data-id=\"bb23cfd\" data-element_type=\"widget\" data-widget_type=\"image.default\">\n\t\t\t\t<div class=\"elementor-widget-container\">\n\t\t\t\t\t\t\t\t\t\t\t\t\t\t\t\t<a href=\"https:\/\/www.linkedin.com\/company\/swiss-visual-data\">\n\t\t\t\t\t\t\t<img decoding=\"async\" src=\"https:\/\/www.swissvisualdata.ch\/wp-content\/uploads\/elementor\/thumbs\/Linkedin-pffcjc4ot5hs8h1kyvyd0gnvk6g1kuhbflnpqgpqq8.png\" title=\"Linkedin\" alt=\"Linkedin\" loading=\"lazy\" \/>\t\t\t\t\t\t\t\t<\/a>\n\t\t\t\t\t\t\t\t\t\t\t\t\t\t\t<\/div>\n\t\t\t\t<\/div>\n\t\t\t\t<div class=\"elementor-element elementor-element-04de762 elementor-widget elementor-widget-spacer\" data-id=\"04de762\" data-element_type=\"widget\" data-widget_type=\"spacer.default\">\n\t\t\t\t<div class=\"elementor-widget-container\">\n\t\t\t\t\t\t\t<div class=\"elementor-spacer\">\n\t\t\t<div class=\"elementor-spacer-inner\"><\/div>\n\t\t<\/div>\n\t\t\t\t\t\t<\/div>\n\t\t\t\t<\/div>\n\t\t\t\t<div class=\"elementor-element elementor-element-d0a471e elementor-widget elementor-widget-image\" data-id=\"d0a471e\" data-element_type=\"widget\" data-widget_type=\"image.default\">\n\t\t\t\t<div class=\"elementor-widget-container\">\n\t\t\t\t\t\t\t\t\t\t\t\t\t\t\t<img fetchpriority=\"high\" decoding=\"async\" width=\"475\" height=\"500\" src=\"https:\/\/www.swissvisualdata.ch\/wp-content\/uploads\/2021\/06\/SVD_Envelops.jpg\" class=\"attachment-large size-large wp-image-30219\" alt=\"\" srcset=\"https:\/\/www.swissvisualdata.ch\/wp-content\/uploads\/2021\/06\/SVD_Envelops.jpg 475w, https:\/\/www.swissvisualdata.ch\/wp-content\/uploads\/2021\/06\/SVD_Envelops-285x300.jpg 285w\" sizes=\"(max-width: 475px) 100vw, 475px\" \/>\t\t\t\t\t\t\t\t\t\t\t\t\t\t\t<\/div>\n\t\t\t\t<\/div>\n\t\t\t\t\t<\/div>\n\t\t<\/div>\n\t\t\t\t<div class=\"elementor-column elementor-col-50 elementor-top-column elementor-element elementor-element-f174397\" data-id=\"f174397\" data-element_type=\"column\">\n\t\t\t<div class=\"elementor-widget-wrap elementor-element-populated\">\n\t\t\t\t\t\t<div class=\"elementor-element elementor-element-552c4f6 elementor-widget elementor-widget-heading\" data-id=\"552c4f6\" data-element_type=\"widget\" data-widget_type=\"heading.default\">\n\t\t\t\t<div class=\"elementor-widget-container\">\n\t\t\t\t\t<span class=\"elementor-heading-title elementor-size-large\">If you have any questions or queries, we will be happy to help you. \nPlease do not hesitate to contact us and we will be sure to get back to you as soon as possible.<\/span>\t\t\t\t<\/div>\n\t\t\t\t<\/div>\n\t\t\t\t<div class=\"elementor-element elementor-element-834ff3f elementor-widget elementor-widget-heading\" data-id=\"834ff3f\" data-element_type=\"widget\" data-widget_type=\"heading.default\">\n\t\t\t\t<div class=\"elementor-widget-container\">\n\t\t\t\t\t<span class=\"elementor-heading-title elementor-size-large\">Si vous avez des questions ou des demandes, nous serons heureux de vous aider. N'h\u00e9sitez pas \u00e0 nous contacter et nous nous ferons un plaisir de vous r\u00e9pondre dans les plus brefs d\u00e9lais.<\/span>\t\t\t\t<\/div>\n\t\t\t\t<\/div>\n\t\t\t\t<div class=\"elementor-element elementor-element-d0646d8 elementor-widget elementor-widget-wpforms\" data-id=\"d0646d8\" data-element_type=\"widget\" data-widget_type=\"wpforms.default\">\n\t\t\t\t<div class=\"elementor-widget-container\">\n\t\t\t\t\t<div class=\"wpforms-container \" id=\"wpforms-29283\"><form id=\"wpforms-form-29283\" class=\"wpforms-validate wpforms-form\" data-formid=\"29283\" method=\"post\" enctype=\"multipart\/form-data\" action=\"\/en\/wp-json\/wp\/v2\/pages\/28979\" data-token=\"1e661b6f31f58f6fcb51287fca62b10c\"><noscript class=\"wpforms-error-noscript\">Please enable JavaScript in your browser to complete this form.<\/noscript><div class=\"wpforms-field-container\"><div id=\"wpforms-29283-field_3-container\" class=\"wpforms-field wpforms-field-select wpforms-field-select-style-classic\" data-field-id=\"3\"><label class=\"wpforms-field-label\" for=\"wpforms-29283-field_3\">Dropdown<\/label><select id=\"wpforms-29283-field_3\" class=\"wpforms-field-medium\" name=\"wpforms[fields][3]\"><option value=\"Request for information\"  selected='selected'>Request for information<\/option><option value=\"Request for service\" >Request for service<\/option><option value=\"Support or help\" >Support or help<\/option><\/select><\/div><div id=\"wpforms-29283-field_0-container\" class=\"wpforms-field wpforms-field-name\" data-field-id=\"0\"><label class=\"wpforms-field-label\" for=\"wpforms-29283-field_0\">Name <span class=\"wpforms-required-label\">*<\/span><\/label><div class=\"wpforms-field-row wpforms-field-medium\"><div class=\"wpforms-field-row-block wpforms-first wpforms-one-half\"><input type=\"text\" id=\"wpforms-29283-field_0\" class=\"wpforms-field-name-first wpforms-field-required\" name=\"wpforms[fields][0][first]\" required><label for=\"wpforms-29283-field_0\" class=\"wpforms-field-sublabel after \">First<\/label><\/div><div class=\"wpforms-field-row-block wpforms-one-half\"><input type=\"text\" id=\"wpforms-29283-field_0-last\" class=\"wpforms-field-name-last wpforms-field-required\" name=\"wpforms[fields][0][last]\" required><label for=\"wpforms-29283-field_0-last\" class=\"wpforms-field-sublabel after \">Last<\/label><\/div><\/div><\/div><div id=\"wpforms-29283-field_1-container\" class=\"wpforms-field wpforms-field-email\" data-field-id=\"1\"><label class=\"wpforms-field-label\" for=\"wpforms-29283-field_1\">Email <span class=\"wpforms-required-label\">*<\/span><\/label><input type=\"email\" id=\"wpforms-29283-field_1\" class=\"wpforms-field-medium wpforms-field-required\" name=\"wpforms[fields][1]\" spellcheck=\"false\" required><\/div><div id=\"wpforms-29283-field_2-container\" class=\"wpforms-field wpforms-field-textarea\" data-field-id=\"2\"><label class=\"wpforms-field-label\" for=\"wpforms-29283-field_2\">Comment or Message <span class=\"wpforms-required-label\">*<\/span><\/label><textarea id=\"wpforms-29283-field_2\" class=\"wpforms-field-medium wpforms-field-required\" name=\"wpforms[fields][2]\" required><\/textarea><\/div><\/div><!-- .wpforms-field-container --><div class=\"wpforms-submit-container\" ><input type=\"hidden\" name=\"wpforms[id]\" value=\"29283\"><input type=\"hidden\" name=\"wpforms[author]\" value=\"1\"><button type=\"submit\" name=\"wpforms[submit]\" id=\"wpforms-submit-29283\" class=\"wpforms-submit\" data-alt-text=\"Sending...\" data-submit-text=\"Submit\" aria-live=\"assertive\" value=\"wpforms-submit\">Submit<\/button><\/div><\/form><\/div>  <!-- .wpforms-container -->\t\t\t\t<\/div>\n\t\t\t\t<\/div>\n\t\t\t\t\t<\/div>\n\t\t<\/div>\n\t\t\t\t\t<\/div>\n\t\t<\/section>\n\t\t\t\t<\/div>\n\t\t","protected":false},"excerpt":{"rendered":"<p>Contact Numbers General Inquiries (+41) 79 938 64 18 Email info@swissvisualdata.ch If you have any questions or queries, we will be happy to help you. Please do not hesitate to contact us and we will be sure to get back to you as soon as possible. Si vous avez des questions ou des demandes, nous &hellip;<\/p>\n<p class=\"read-more\"> <a class=\"\" href=\"https:\/\/www.swissvisualdata.ch\/en\/contact\/\"> <span class=\"screen-reader-text\">Contact<\/span> Read More &raquo;<\/a><\/p>\n","protected":false},"author":1,"featured_media":0,"parent":0,"menu_order":0,"comment_status":"closed","ping_status":"closed","template":"","meta":{"footnotes":""},"class_list":["post-28979","page","type-page","status-publish","hentry"],"yoast_head":"<!-- This site is optimized with the Yoast SEO plugin v17.6 - https:\/\/yoast.com\/wordpress\/plugins\/seo\/ -->\n<title>Contact<\/title>\n<meta name=\"description\" content=\"Contact Numbers General Inquiries (+41) 79 938 64 18 Email info@swissvisualdata.ch If you have any questions or queries, we will be happy to help you.\" \/>\n<meta name=\"robots\" content=\"index, follow, max-snippet:-1, max-image-preview:large, max-video-preview:-1\" \/>\n<link rel=\"canonical\" href=\"https:\/\/www.swissvisualdata.ch\/en\/contact\/\" \/>\n<meta property=\"og:locale\" content=\"en_GB\" \/>\n<meta property=\"og:type\" content=\"article\" \/>\n<meta property=\"og:title\" content=\"Contact\" \/>\n<meta property=\"og:description\" content=\"Contact Numbers General Inquiries (+41) 79 938 64 18 Email info@swissvisualdata.ch If you have any questions or queries, we will be happy to help you.\" \/>\n<meta property=\"og:url\" content=\"https:\/\/www.swissvisualdata.ch\/en\/contact\/\" \/>\n<meta property=\"og:site_name\" content=\"Swiss Visual Data\" \/>\n<meta property=\"article:modified_time\" content=\"2021-11-01T13:49:49+00:00\" \/>\n<meta property=\"og:image\" content=\"https:\/\/www.swissvisualdata.ch\/wp-content\/uploads\/elementor\/thumbs\/InstagramLogo-p9tcys14bx4c363m7j301v5q6hs4q1ouhxor2ffdzk.jpg\" \/>\n<meta name=\"twitter:card\" content=\"summary_large_image\" \/>\n<meta name=\"twitter:label1\" content=\"Estimated reading time\" \/>\n\t<meta name=\"twitter:data1\" content=\"2 minutes\" \/>\n<script type=\"application\/ld+json\" class=\"yoast-schema-graph\">{\"@context\":\"https:\/\/schema.org\",\"@graph\":[{\"@type\":\"Organization\",\"@id\":\"https:\/\/www.swissvisualdata.ch\/#organization\",\"name\":\"Swiss Visual Data\",\"url\":\"https:\/\/www.swissvisualdata.ch\/\",\"sameAs\":[\"https:\/\/www.instagram.com\/swissvisualdata\/\"],\"logo\":{\"@type\":\"ImageObject\",\"@id\":\"https:\/\/www.swissvisualdata.ch\/#logo\",\"inLanguage\":\"en-GB\",\"url\":\"https:\/\/www.swissvisualdata.ch\/wp-content\/uploads\/2021\/10\/SVD_Trademark_Mini.png\",\"contentUrl\":\"https:\/\/www.swissvisualdata.ch\/wp-content\/uploads\/2021\/10\/SVD_Trademark_Mini.png\",\"width\":196,\"height\":196,\"caption\":\"Swiss Visual Data\"},\"image\":{\"@id\":\"https:\/\/www.swissvisualdata.ch\/#logo\"}},{\"@type\":\"WebSite\",\"@id\":\"https:\/\/www.swissvisualdata.ch\/#website\",\"url\":\"https:\/\/www.swissvisualdata.ch\/\",\"name\":\"Swiss Visual Data\",\"description\":\"Swiss Visual Data\",\"publisher\":{\"@id\":\"https:\/\/www.swissvisualdata.ch\/#organization\"},\"potentialAction\":[{\"@type\":\"SearchAction\",\"target\":{\"@type\":\"EntryPoint\",\"urlTemplate\":\"https:\/\/www.swissvisualdata.ch\/?s={search_term_string}\"},\"query-input\":\"required name=search_term_string\"}],\"inLanguage\":\"en-GB\"},{\"@type\":\"ImageObject\",\"@id\":\"https:\/\/www.swissvisualdata.ch\/en\/contact\/#primaryimage\",\"inLanguage\":\"en-GB\",\"url\":\"https:\/\/www.swissvisualdata.ch\/wp-content\/uploads\/elementor\/thumbs\/InstagramLogo-p9tcys14bx4c363m7j301v5q6hs4q1ouhxor2ffdzk.jpg\",\"contentUrl\":\"https:\/\/www.swissvisualdata.ch\/wp-content\/uploads\/elementor\/thumbs\/InstagramLogo-p9tcys14bx4c363m7j301v5q6hs4q1ouhxor2ffdzk.jpg\"},{\"@type\":\"WebPage\",\"@id\":\"https:\/\/www.swissvisualdata.ch\/en\/contact\/#webpage\",\"url\":\"https:\/\/www.swissvisualdata.ch\/en\/contact\/\",\"name\":\"Contact\",\"isPartOf\":{\"@id\":\"https:\/\/www.swissvisualdata.ch\/#website\"},\"primaryImageOfPage\":{\"@id\":\"https:\/\/www.swissvisualdata.ch\/en\/contact\/#primaryimage\"},\"datePublished\":\"2020-04-13T09:18:48+00:00\",\"dateModified\":\"2021-11-01T13:49:49+00:00\",\"description\":\"Contact Numbers General Inquiries (+41) 79 938 64 18 Email info@swissvisualdata.ch If you have any questions or queries, we will be happy to help you.\",\"breadcrumb\":{\"@id\":\"https:\/\/www.swissvisualdata.ch\/en\/contact\/#breadcrumb\"},\"inLanguage\":\"en-GB\",\"potentialAction\":[{\"@type\":\"ReadAction\",\"target\":[\"https:\/\/www.swissvisualdata.ch\/en\/contact\/\"]}]},{\"@type\":\"BreadcrumbList\",\"@id\":\"https:\/\/www.swissvisualdata.ch\/en\/contact\/#breadcrumb\",\"itemListElement\":[{\"@type\":\"ListItem\",\"position\":1,\"name\":\"Home\",\"item\":\"https:\/\/www.swissvisualdata.ch\/\"},{\"@type\":\"ListItem\",\"position\":2,\"name\":\"Contact\"}]}]}<\/script>\n<!-- \/ Yoast SEO plugin. -->","yoast_head_json":{"title":"Contact","description":"Contact Numbers General Inquiries (+41) 79 938 64 18 Email info@swissvisualdata.ch If you have any questions or queries, we will be happy to help you.","robots":{"index":"index","follow":"follow","max-snippet":"max-snippet:-1","max-image-preview":"max-image-preview:large","max-video-preview":"max-video-preview:-1"},"canonical":"https:\/\/www.swissvisualdata.ch\/en\/contact\/","og_locale":"en_GB","og_type":"article","og_title":"Contact","og_description":"Contact Numbers General Inquiries (+41) 79 938 64 18 Email info@swissvisualdata.ch If you have any questions or queries, we will be happy to help you.","og_url":"https:\/\/www.swissvisualdata.ch\/en\/contact\/","og_site_name":"Swiss Visual Data","article_modified_time":"2021-11-01T13:49:49+00:00","og_image":[{"url":"https:\/\/www.swissvisualdata.ch\/wp-content\/uploads\/elementor\/thumbs\/InstagramLogo-p9tcys14bx4c363m7j301v5q6hs4q1ouhxor2ffdzk.jpg"}],"twitter_card":"summary_large_image","twitter_misc":{"Estimated reading time":"2 minutes"},"schema":{"@context":"https:\/\/schema.org","@graph":[{"@type":"Organization","@id":"https:\/\/www.swissvisualdata.ch\/#organization","name":"Swiss Visual Data","url":"https:\/\/www.swissvisualdata.ch\/","sameAs":["https:\/\/www.instagram.com\/swissvisualdata\/"],"logo":{"@type":"ImageObject","@id":"https:\/\/www.swissvisualdata.ch\/#logo","inLanguage":"en-GB","url":"https:\/\/www.swissvisualdata.ch\/wp-content\/uploads\/2021\/10\/SVD_Trademark_Mini.png","contentUrl":"https:\/\/www.swissvisualdata.ch\/wp-content\/uploads\/2021\/10\/SVD_Trademark_Mini.png","width":196,"height":196,"caption":"Swiss Visual Data"},"image":{"@id":"https:\/\/www.swissvisualdata.ch\/#logo"}},{"@type":"WebSite","@id":"https:\/\/www.swissvisualdata.ch\/#website","url":"https:\/\/www.swissvisualdata.ch\/","name":"Swiss Visual Data","description":"Swiss Visual Data","publisher":{"@id":"https:\/\/www.swissvisualdata.ch\/#organization"},"potentialAction":[{"@type":"SearchAction","target":{"@type":"EntryPoint","urlTemplate":"https:\/\/www.swissvisualdata.ch\/?s={search_term_string}"},"query-input":"required name=search_term_string"}],"inLanguage":"en-GB"},{"@type":"ImageObject","@id":"https:\/\/www.swissvisualdata.ch\/en\/contact\/#primaryimage","inLanguage":"en-GB","url":"https:\/\/www.swissvisualdata.ch\/wp-content\/uploads\/elementor\/thumbs\/InstagramLogo-p9tcys14bx4c363m7j301v5q6hs4q1ouhxor2ffdzk.jpg","contentUrl":"https:\/\/www.swissvisualdata.ch\/wp-content\/uploads\/elementor\/thumbs\/InstagramLogo-p9tcys14bx4c363m7j301v5q6hs4q1ouhxor2ffdzk.jpg"},{"@type":"WebPage","@id":"https:\/\/www.swissvisualdata.ch\/en\/contact\/#webpage","url":"https:\/\/www.swissvisualdata.ch\/en\/contact\/","name":"Contact","isPartOf":{"@id":"https:\/\/www.swissvisualdata.ch\/#website"},"primaryImageOfPage":{"@id":"https:\/\/www.swissvisualdata.ch\/en\/contact\/#primaryimage"},"datePublished":"2020-04-13T09:18:48+00:00","dateModified":"2021-11-01T13:49:49+00:00","description":"Contact Numbers General Inquiries (+41) 79 938 64 18 Email info@swissvisualdata.ch If you have any questions or queries, we will be happy to help you.","breadcrumb":{"@id":"https:\/\/www.swissvisualdata.ch\/en\/contact\/#breadcrumb"},"inLanguage":"en-GB","potentialAction":[{"@type":"ReadAction","target":["https:\/\/www.swissvisualdata.ch\/en\/contact\/"]}]},{"@type":"BreadcrumbList","@id":"https:\/\/www.swissvisualdata.ch\/en\/contact\/#breadcrumb","itemListElement":[{"@type":"ListItem","position":1,"name":"Home","item":"https:\/\/www.swissvisualdata.ch\/"},{"@type":"ListItem","position":2,"name":"Contact"}]}]}},"_links":{"self":[{"href":"https:\/\/www.swissvisualdata.ch\/en\/wp-json\/wp\/v2\/pages\/28979","targetHints":{"allow":["GET"]}}],"collection":[{"href":"https:\/\/www.swissvisualdata.ch\/en\/wp-json\/wp\/v2\/pages"}],"about":[{"href":"https:\/\/www.swissvisualdata.ch\/en\/wp-json\/wp\/v2\/types\/page"}],"author":[{"embeddable":true,"href":"https:\/\/www.swissvisualdata.ch\/en\/wp-json\/wp\/v2\/users\/1"}],"replies":[{"embeddable":true,"href":"https:\/\/www.swissvisualdata.ch\/en\/wp-json\/wp\/v2\/comments?post=28979"}],"version-history":[{"count":109,"href":"https:\/\/www.swissvisualdata.ch\/en\/wp-json\/wp\/v2\/pages\/28979\/revisions"}],"predecessor-version":[{"id":31108,"href":"https:\/\/www.swissvisualdata.ch\/en\/wp-json\/wp\/v2\/pages\/28979\/revisions\/31108"}],"wp:attachment":[{"href":"https:\/\/www.swissvisualdata.ch\/en\/wp-json\/wp\/v2\/media?parent=28979"}],"curies":[{"name":"wp","href":"https:\/\/api.w.org\/{rel}","templated":true}]}}